{"id":101290,"date":"2025-06-10T10:06:54","date_gmt":"2025-06-10T10:06:54","guid":{"rendered":"https:\/\/ammossuites.com\/allgemeine-geschaeftsbedingungen\/"},"modified":"2025-12-08T21:11:35","modified_gmt":"2025-12-08T21:11:35","slug":"allgemeine-geschaeftsbedingungen","status":"publish","type":"page","link":"https:\/\/ammossuites.com\/de\/allgemeine-geschaeftsbedingungen\/","title":{"rendered":"Allgemeine Gesch\u00e4ftsbedingungen"},"content":{"rendered":"<p>[et_pb_section fb_built=&#8220;1&#8243; _builder_version=&#8220;4.27.4&#8243; _module_preset=&#8220;default&#8220; use_background_color_gradient=&#8220;on&#8220; background_color_gradient_stops=&#8220;rgba(0,0,0,0.24) 48%|rgba(0,0,0,0.94) 100%&#8220; background_color_gradient_overlays_image=&#8220;on&#8220; background_color_gradient_start=&#8220;rgba(0,0,0,0.24)&#8220; background_color_gradient_start_position=&#8220;48%&#8220; background_color_gradient_end=&#8220;rgba(0,0,0,0.94)&#8220; background_image=&#8220;https:\/\/ammossuites.com\/wp-content\/uploads\/2025\/11\/ammos_suites_top.jpg&#8220; custom_padding=&#8220;150px||150px||true|false&#8220; global_colors_info=&#8220;{}&#8220;][et_pb_row _builder_version=&#8220;4.16&#8243; _module_preset=&#8220;default&#8220; hover_enabled=&#8220;0&#8243; global_colors_info=&#8220;{}&#8220; sticky_enabled=&#8220;0&#8243;][et_pb_column type=&#8220;4_4&#8243; _builder_version=&#8220;4.16&#8243; _module_preset=&#8220;default&#8220; global_colors_info=&#8220;{}&#8220;][et_pb_text _builder_version=&#8220;4.27.4&#8243; _module_preset=&#8220;default&#8220; text_font=&#8220;|700|||||||&#8220; text_text_color=&#8220;#c48a17&#8243; text_font_size=&#8220;24px&#8220; custom_margin=&#8220;||5px||false|false&#8220; hover_enabled=&#8220;0&#8243; global_colors_info=&#8220;{}&#8220; sticky_enabled=&#8220;0&#8243;]<\/p>\n<p>ammossuites.com<\/p>\n<p>[\/et_pb_text][et_pb_text module_class=&#8220;h1_home&#8220; _builder_version=&#8220;4.27.4&#8243; _module_preset=&#8220;default&#8220; header_font=&#8220;Work Sans|800||on|||||&#8220; header_text_color=&#8220;#FFFFFF&#8220; header_font_size=&#8220;56px&#8220; custom_margin=&#8220;||0px||false|false&#8220; hover_enabled=&#8220;0&#8243; header_font_size_tablet=&#8220;64px&#8220; header_font_size_phone=&#8220;48px&#8220; header_font_size_last_edited=&#8220;on|tablet&#8220; global_colors_info=&#8220;{}&#8220; sticky_enabled=&#8220;0&#8243;]<\/p>\n<h1>Allgemeine Gesch\u00e4ftsbedingungen<\/h1>\n<p>[\/et_pb_text][\/et_pb_column][\/et_pb_row][\/et_pb_section][et_pb_section fb_built=&#8220;1&#8243; _builder_version=&#8220;4.16&#8243; _module_preset=&#8220;default&#8220; background_color=&#8220;#000000&#8243; custom_padding=&#8220;||30px|||&#8220; global_colors_info=&#8220;{}&#8220;][et_pb_row column_structure=&#8220;1_3,1_3,1_3&#8243; _builder_version=&#8220;4.16&#8243; _module_preset=&#8220;default&#8220; max_width=&#8220;1200px&#8220; global_colors_info=&#8220;{}&#8220;][et_pb_column type=&#8220;1_3&#8243; _builder_version=&#8220;4.16&#8243; _module_preset=&#8220;default&#8220; global_colors_info=&#8220;{}&#8220;][et_pb_blurb title=&#8220;Unsere Adresse&#8220; use_icon=&#8220;on&#8220; font_icon=&#8220;&#xe081;||divi||400&#8243; icon_color=&#8220;gcid-215ecfb3-3c0d-4961-a262-8df7fc2ed348&#8243; icon_placement=&#8220;left&#8220; image_icon_width=&#8220;40px&#8220; image_icon_width_tablet=&#8220;&#8220; image_icon_width_phone=&#8220;50px&#8220; image_icon_width_last_edited=&#8220;on|phone&#8220; module_class=&#8220;blurb_contact_v1&#8243; _builder_version=&#8220;4.27.4&#8243; _module_preset=&#8220;default&#8220; header_font=&#8220;|700|||||||&#8220; header_text_color=&#8220;#FFFFFF&#8220; header_font_size=&#8220;22px&#8220; body_text_color=&#8220;#b5b5b5&#8243; body_font_size=&#8220;15px&#8220; body_line_height=&#8220;1.5em&#8220; background_color=&#8220;#2b2b2b&#8220; custom_padding=&#8220;25px|35px|25px|35px|true|true&#8220; custom_padding_tablet=&#8220;&#8220; custom_padding_phone=&#8220;35px|25px|35px|25px|true|true&#8220; custom_padding_last_edited=&#8220;on|phone&#8220; animation=&#8220;off&#8220; hover_enabled=&#8220;0&#8243; header_font_size_tablet=&#8220;&#8220; header_font_size_phone=&#8220;24px&#8220; header_font_size_last_edited=&#8220;on|phone&#8220; border_radii=&#8220;on|7px|7px|7px|7px&#8220; box_shadow_style=&#8220;preset1&#8243; box_shadow_blur=&#8220;11px&#8220; box_shadow_spread=&#8220;5px&#8220; box_shadow_color=&#8220;rgba(137,137,137,0.1)&#8220; image_max_width=&#8220;65px&#8220; image_max_width_tablet=&#8220;&#8220; image_max_width_phone=&#8220;50px&#8220; image_max_width_last_edited=&#8220;on|phone&#8220; global_colors_info=&#8220;{%22gcid-215ecfb3-3c0d-4961-a262-8df7fc2ed348%22:%91%22icon_color%22%93}&#8220; sticky_enabled=&#8220;0&#8243;]<\/p>\n<p><span>Rethymno, Kreta, Griechenland <\/span><\/p>\n<p>[\/et_pb_blurb][\/et_pb_column][et_pb_column type=&#8220;1_3&#8243; _builder_version=&#8220;4.16&#8243; _module_preset=&#8220;default&#8220; global_colors_info=&#8220;{}&#8220;][et_pb_blurb title=&#8220;Rufen Sie uns an&#8220; use_icon=&#8220;on&#8220; font_icon=&#8220;&#xf879;||fa||900&#8243; icon_color=&#8220;gcid-215ecfb3-3c0d-4961-a262-8df7fc2ed348&#8243; icon_placement=&#8220;left&#8220; image_icon_width=&#8220;40px&#8220; image_icon_width_tablet=&#8220;&#8220; image_icon_width_phone=&#8220;50px&#8220; image_icon_width_last_edited=&#8220;on|phone&#8220; module_class=&#8220;blurb_contact_v1&#8243; _builder_version=&#8220;4.27.4&#8243; _module_preset=&#8220;default&#8220; header_font=&#8220;|700|||||||&#8220; header_text_color=&#8220;#FFFFFF&#8220; header_font_size=&#8220;22px&#8220; body_text_color=&#8220;#b5b5b5&#8243; body_font_size=&#8220;15px&#8220; body_line_height=&#8220;1.5em&#8220; background_color=&#8220;#2b2b2b&#8220; custom_padding=&#8220;25px|35px|25px|35px|true|true&#8220; custom_padding_tablet=&#8220;&#8220; custom_padding_phone=&#8220;35px|25px|35px|25px|true|true&#8220; custom_padding_last_edited=&#8220;on|phone&#8220; animation=&#8220;off&#8220; hover_enabled=&#8220;0&#8243; header_font_size_tablet=&#8220;&#8220; header_font_size_phone=&#8220;24px&#8220; header_font_size_last_edited=&#8220;on|phone&#8220; border_radii=&#8220;on|7px|7px|7px|7px&#8220; box_shadow_style=&#8220;preset1&#8243; box_shadow_blur=&#8220;11px&#8220; box_shadow_spread=&#8220;5px&#8220; box_shadow_color=&#8220;rgba(137,137,137,0.1)&#8220; image_max_width=&#8220;65px&#8220; image_max_width_tablet=&#8220;&#8220; image_max_width_phone=&#8220;50px&#8220; image_max_width_last_edited=&#8220;on|phone&#8220; global_colors_info=&#8220;{%22gcid-215ecfb3-3c0d-4961-a262-8df7fc2ed348%22:%91%22icon_color%22%93}&#8220; sticky_enabled=&#8220;0&#8243;]<\/p>\n<p>  (+30) 28310 36125<\/p>\n<p>[\/et_pb_blurb][\/et_pb_column][et_pb_column type=&#8220;1_3&#8243; _builder_version=&#8220;4.16&#8243; _module_preset=&#8220;default&#8220; global_colors_info=&#8220;{}&#8220;][et_pb_blurb title=&#8220;Senden Sie uns eine E-Mail&#8220; use_icon=&#8220;on&#8220; font_icon=&#8220;&#xe076;||divi||400&#8243; icon_color=&#8220;gcid-215ecfb3-3c0d-4961-a262-8df7fc2ed348&#8243; icon_placement=&#8220;left&#8220; image_icon_width=&#8220;40px&#8220; image_icon_width_tablet=&#8220;&#8220; image_icon_width_phone=&#8220;50px&#8220; image_icon_width_last_edited=&#8220;on|phone&#8220; module_class=&#8220;blurb_contact_v1&#8243; _builder_version=&#8220;4.27.4&#8243; _module_preset=&#8220;default&#8220; header_font=&#8220;|700|||||||&#8220; header_text_color=&#8220;#FFFFFF&#8220; header_font_size=&#8220;22px&#8220; body_text_color=&#8220;#b5b5b5&#8243; body_font_size=&#8220;15px&#8220; body_line_height=&#8220;1.5em&#8220; background_color=&#8220;#2b2b2b&#8220; custom_padding=&#8220;25px|35px|25px|35px|true|true&#8220; custom_padding_tablet=&#8220;&#8220; custom_padding_phone=&#8220;35px|25px|35px|25px|true|true&#8220; custom_padding_last_edited=&#8220;on|phone&#8220; animation=&#8220;off&#8220; hover_enabled=&#8220;0&#8243; header_font_size_tablet=&#8220;&#8220; header_font_size_phone=&#8220;24px&#8220; header_font_size_last_edited=&#8220;on|phone&#8220; border_radii=&#8220;on|7px|7px|7px|7px&#8220; box_shadow_style=&#8220;preset1&#8243; box_shadow_blur=&#8220;11px&#8220; box_shadow_spread=&#8220;5px&#8220; box_shadow_color=&#8220;rgba(137,137,137,0.1)&#8220; image_max_width=&#8220;65px&#8220; image_max_width_tablet=&#8220;&#8220; image_max_width_phone=&#8220;50px&#8220; image_max_width_last_edited=&#8220;on|phone&#8220; global_colors_info=&#8220;{%22gcid-215ecfb3-3c0d-4961-a262-8df7fc2ed348%22:%91%22icon_color%22%93}&#8220; sticky_enabled=&#8220;0&#8243;]<\/p>\n<p>info@ammossuites.com<\/p>\n<p>[\/et_pb_blurb][\/et_pb_column][\/et_pb_row][\/et_pb_section][et_pb_section fb_built=&#8220;1&#8243; _builder_version=&#8220;4.16&#8243; _module_preset=&#8220;default&#8220; background_color=&#8220;#000000&#8243; custom_padding=&#8220;0px||4px||false|false&#8220; global_colors_info=&#8220;{}&#8220;][et_pb_row _builder_version=&#8220;4.16&#8243; _module_preset=&#8220;default&#8220; background_color=&#8220;RGBA(255,255,255,0)&#8220; custom_padding=&#8220;0px||||false|false&#8220; global_colors_info=&#8220;{}&#8220;][et_pb_column type=&#8220;4_4&#8243; module_class=&#8220;contact_v1_column_form&#8220; _builder_version=&#8220;4.16&#8243; _module_preset=&#8220;default&#8220; custom_padding=&#8220;75px|125px|75px|125px|true|true&#8220; custom_padding_tablet=&#8220;|0px||0px|true|true&#8220; custom_padding_phone=&#8220;50px|0px|50px|0px|true|true&#8220; custom_padding_last_edited=&#8220;on|phone&#8220; border_radii=&#8220;on|15px|15px|15px|15px&#8220; global_colors_info=&#8220;{}&#8220;][et_pb_text _builder_version=&#8220;4.27.4&#8243; _module_preset=&#8220;default&#8220; text_font=&#8220;|700||on|||||&#8220; text_text_color=&#8220;gcid-215ecfb3-3c0d-4961-a262-8df7fc2ed348&#8243; text_letter_spacing=&#8220;2px&#8220; text_orientation=&#8220;center&#8220; custom_margin=&#8220;||10px||false|false&#8220; hover_enabled=&#8220;0&#8243; text_text_shadow_style=&#8220;preset1&#8243; global_colors_info=&#8220;{%22gcid-215ecfb3-3c0d-4961-a262-8df7fc2ed348%22:%91%22text_text_color%22%93}&#8220; sticky_enabled=&#8220;0&#8243;]<\/p>\n<p>unsere<\/p>\n<p>[\/et_pb_text][et_pb_text _builder_version=&#8220;4.27.4&#8243; _module_preset=&#8220;default&#8220; header_2_font=&#8220;|300|||||||&#8220; header_2_text_align=&#8220;center&#8220; header_2_text_color=&#8220;#FFFFFF&#8220; header_2_font_size=&#8220;60px&#8220; hover_enabled=&#8220;0&#8243; header_2_font_size_tablet=&#8220;60px&#8220; header_2_font_size_phone=&#8220;40px&#8220; header_2_font_size_last_edited=&#8220;on|phone&#8220; global_colors_info=&#8220;{}&#8220; sticky_enabled=&#8220;0&#8243;]<\/p>\n<h2>Allgemeine Gesch\u00e4ftsbedingungen<\/h2>\n<p>[\/et_pb_text][et_pb_text _builder_version=&#8220;4.27.4&#8243; _module_preset=&#8220;default&#8220; text_font=&#8220;|300|||||||&#8220; text_text_color=&#8220;#b5b5b5&#8243; text_font_size=&#8220;20px&#8220; text_orientation=&#8220;center&#8220; width=&#8220;80%&#8220; width_tablet=&#8220;100%&#8220; width_phone=&#8220;100%&#8220; width_last_edited=&#8220;on|phone&#8220; module_alignment=&#8220;center&#8220; custom_padding=&#8220;||50px||false|false&#8220; custom_padding_tablet=&#8220;||50px||false|false&#8220; custom_padding_phone=&#8220;||25px||false|false&#8220; custom_padding_last_edited=&#8220;on|phone&#8220; hover_enabled=&#8220;0&#8243; text_font_size_tablet=&#8220;20px&#8220; text_font_size_phone=&#8220;16px&#8220; text_font_size_last_edited=&#8220;on|phone&#8220; text_line_height_tablet=&#8220;&#8220; text_line_height_phone=&#8220;1.4em&#8220; text_line_height_last_edited=&#8220;on|phone&#8220; global_colors_info=&#8220;{}&#8220; sticky_enabled=&#8220;0&#8243;]<\/p>\n<p style=\"text-align: left;\"><strong>Wer wir sind<\/strong><br \/>Unsere Website-Adresse lautet: https:\/\/ammossuites.com.<\/p>\n<p style=\"text-align: left;\"><strong>Welche personenbezogenen Daten wir sammeln und warum wir sie sammeln<\/strong> <strong>Kommentare<\/strong><br \/>Wenn Besucher Kommentare auf der Website hinterlassen, erfassen wir die im Kommentarformular angezeigten Daten sowie die IP-Adresse des Besuchers und die Browser-Benutzeragentenkennung, um die Spamerkennung zu unterst\u00fctzen.<\/p>\n<p style=\"text-align: left;\">Eine anonymisierte Zeichenfolge, die aus Ihrer E-Mail-Adresse erstellt wurde (auch Hash genannt), kann dem Gravatar-Dienst bereitgestellt werden, um zu pr\u00fcfen, ob Sie diesen verwenden. Die Datenschutzrichtlinie des Gravatar-Dienstes finden Sie hier: https:\/\/automattic.com\/privacy\/. Nach Freigabe Ihres Kommentars ist Ihr Profilbild im Kontext Ihres Kommentars \u00f6ffentlich sichtbar. <\/p>\n<p style=\"text-align: left;\"><strong>Medien<\/strong><br \/>Wenn Sie Bilder auf die Website hochladen, sollten Sie vermeiden, Bilder mit eingebetteten Standortdaten (EXIF GPS) hochzuladen. Besucher der Website k\u00f6nnen alle Standortdaten aus Bildern auf der Website herunterladen und extrahieren. <\/p>\n<p style=\"text-align: left;\"><strong>Kontaktformulare<\/strong><br \/><strong>Cookies<\/strong><br \/>Wenn Sie einen Kommentar auf unserer Website hinterlassen, k\u00f6nnen Sie Ihren Namen, Ihre E-Mail-Adresse und Ihre Website in Cookies speichern. Dies dient Ihrer Bequemlichkeit, damit Sie Ihre Daten nicht erneut eingeben m\u00fcssen, wenn Sie einen weiteren Kommentar hinterlassen. Diese Cookies sind ein Jahr lang g\u00fcltig.  <\/p>\n<p style=\"text-align: left;\">Wenn Sie unsere Anmeldeseite besuchen, setzen wir ein tempor\u00e4res Cookie, um festzustellen, ob Ihr Browser Cookies akzeptiert. Dieses Cookie enth\u00e4lt keine pers\u00f6nlichen Daten und wird verworfen, wenn Sie Ihren Browser schlie\u00dfen. <\/p>\n<p style=\"text-align: left;\">Wenn Sie sich anmelden, setzen wir auch mehrere Cookies, um Ihre Anmeldeinformationen und Ihre Bildschirmanzeigewahlen zu speichern. Anmelde-Cookies sind zwei Tage lang g\u00fcltig, und Cookies f\u00fcr Bildschirmanzeigeoptionen sind ein Jahr lang g\u00fcltig. Wenn Sie \u201eAngemeldet bleiben\u201c ausw\u00e4hlen, bleibt Ihre Anmeldung zwei Wochen lang bestehen. Wenn Sie sich von Ihrem Konto abmelden, werden die Anmelde-Cookies entfernt.   <\/p>\n<p style=\"text-align: left;\">Wenn Sie einen Artikel bearbeiten oder ver\u00f6ffentlichen, wird ein zus\u00e4tzliches Cookie in Ihrem Browser gespeichert. Dieses Cookie enth\u00e4lt keine pers\u00f6nlichen Daten und gibt lediglich die Beitrags-ID des Artikels an, den Sie gerade bearbeitet haben. Es l\u00e4uft nach einem Tag ab.  <\/p>\n<p style=\"text-align: left;\"><strong>Eingebettete Inhalte von anderen Websites<\/strong><br \/>Artikel auf dieser Website k\u00f6nnen eingebettete Inhalte enthalten (z. B. Videos, Bilder, Artikel usw.). Eingebettete Inhalte von anderen Websites verhalten sich genauso, als ob der Besucher die andere Website besucht h\u00e4tte. <\/p>\n<p style=\"text-align: left;\">Diese Websites k\u00f6nnen Daten \u00fcber Sie sammeln, Cookies verwenden, zus\u00e4tzliches Tracking durch Dritte einbetten und Ihre Interaktion mit diesen eingebetteten Inhalten \u00fcberwachen, einschlie\u00dflich der Verfolgung Ihrer Interaktion mit den eingebetteten Inhalten, wenn Sie ein Konto haben und auf dieser Website angemeldet sind.<\/p>\n<p style=\"text-align: left;\"><strong>Analytik<\/strong><br \/>An wen wir Ihre Daten weitergeben<br \/>Wenn Sie eine Passwortzur\u00fccksetzung anfordern, wird Ihre IP-Adresse in die E-Mail zur Zur\u00fccksetzung aufgenommen.<\/p>\n<p style=\"text-align: left;\"><strong>Wie lange wir Ihre Daten speichern<\/strong><br \/>Wenn Sie einen Kommentar hinterlassen, werden der Kommentar und seine Metadaten unbegrenzt aufbewahrt. Dies dient dazu, dass wir Folgekommentare automatisch erkennen und freigeben k\u00f6nnen, anstatt sie in einer Moderationswarteschlange zu halten. <\/p>\n<p style=\"text-align: left;\">F\u00fcr Benutzer, die sich auf unserer Website registrieren (falls vorhanden), speichern wir auch die pers\u00f6nlichen Informationen, die sie in ihrem Benutzerprofil angeben. Alle Benutzer k\u00f6nnen ihre pers\u00f6nlichen Daten jederzeit einsehen, bearbeiten oder l\u00f6schen (au\u00dfer ihrem Benutzernamen). Website-Administratoren k\u00f6nnen diese Informationen ebenfalls einsehen und bearbeiten.  <\/p>\n<p style=\"text-align: left;\"><strong>Welche Rechte Sie an Ihren Daten haben<\/strong><br \/>Wenn Sie ein Konto auf dieser Website haben oder Kommentare hinterlassen haben, k\u00f6nnen Sie eine exportierte Datei der personenbezogenen Daten, die wir \u00fcber Sie gespeichert haben, anfordern, einschlie\u00dflich aller Daten, die Sie uns zur Verf\u00fcgung gestellt haben. Sie k\u00f6nnen auch verlangen, dass wir alle personenbezogenen Daten l\u00f6schen, die wir \u00fcber Sie gespeichert haben. Dies gilt nicht f\u00fcr Daten, die wir aufgrund von Verwaltungs-, Rechts- oder Sicherheitszwecken aufbewahren m\u00fcssen.  <\/p>\n<p style=\"text-align: left;\"><strong>Wohin wir Ihre Daten senden<\/strong><br \/>Besucherkommentare k\u00f6nnen \u00fcber einen automatisierten Spamerkennungsdienst gepr\u00fcft werden.<\/p>\n<p style=\"text-align: left;\"><strong>Ihre Kontaktinformationen<\/strong><br \/>Zus\u00e4tzliche Informationen<br \/>Wie wir Ihre Daten sch\u00fctzen<br \/>Welche Verfahren wir bei Datenschutzverletzungen anwenden<br \/>Von welchen Dritten wir Daten erhalten<br \/>Welche automatisierten Entscheidungsfindungen und\/oder Profilerstellungen wir mit Benutzerdaten durchf\u00fchren<br \/>Branchen\u00fcbliche Offenlegungspflichten<\/p>\n<p>[\/et_pb_text][\/et_pb_column][\/et_pb_row][\/et_pb_section]<\/p>\n","protected":false},"excerpt":{"rendered":"<p>ammossuites.comAllgemeine Gesch\u00e4ftsbedingungenRethymno, Kreta, Griechenland (+30) 28310 36125info@ammossuites.comunsereAllgemeine Gesch\u00e4ftsbedingungenWer wir sindUnsere Website-Adresse lautet: https:\/\/ammossuites.com. Welche personenbezogenen Daten wir sammeln und warum wir sie sammeln KommentareWenn Besucher Kommentare auf der Website hinterlassen, erfassen wir die im Kommentarformular angezeigten Daten sowie die IP-Adresse des Besuchers und die Browser-Benutzeragentenkennung, um die Spamerkennung zu unterst\u00fctzen. Eine anonymisierte Zeichenfolge, die aus [&hellip;]<\/p>\n","protected":false},"author":1,"featured_media":0,"parent":0,"menu_order":0,"comment_status":"closed","ping_status":"closed","template":"","meta":{"_et_pb_use_builder":"on","_et_pb_old_content":"","_et_gb_content_width":"","footnotes":""},"class_list":["post-101290","page","type-page","status-publish","hentry"],"_links":{"self":[{"href":"https:\/\/ammossuites.com\/de\/wp-json\/wp\/v2\/pages\/101290","targetHints":{"allow":["GET"]}}],"collection":[{"href":"https:\/\/ammossuites.com\/de\/wp-json\/wp\/v2\/pages"}],"about":[{"href":"https:\/\/ammossuites.com\/de\/wp-json\/wp\/v2\/types\/page"}],"author":[{"embeddable":true,"href":"https:\/\/ammossuites.com\/de\/wp-json\/wp\/v2\/users\/1"}],"replies":[{"embeddable":true,"href":"https:\/\/ammossuites.com\/de\/wp-json\/wp\/v2\/comments?post=101290"}],"version-history":[{"count":1,"href":"https:\/\/ammossuites.com\/de\/wp-json\/wp\/v2\/pages\/101290\/revisions"}],"predecessor-version":[{"id":101294,"href":"https:\/\/ammossuites.com\/de\/wp-json\/wp\/v2\/pages\/101290\/revisions\/101294"}],"wp:attachment":[{"href":"https:\/\/ammossuites.com\/de\/wp-json\/wp\/v2\/media?parent=101290"}],"curies":[{"name":"wp","href":"https:\/\/api.w.org\/{rel}","templated":true}]}}